{"id":826,"date":"2019-01-06T09:48:06","date_gmt":"2019-01-06T09:48:06","guid":{"rendered":"https:\/\/www.ninetheme.com\/themes\/softing\/?page_id=2"},"modified":"2024-07-17T20:43:31","modified_gmt":"2024-07-17T18:43:31","slug":"home-1","status":"publish","type":"page","link":"https:\/\/baduuum.pl\/","title":{"rendered":"Home 1"},"content":{"rendered":"<p>[vc_row full_width=&#8221;stretch_row_content_no_spaces&#8221;][vc_column]<header id=\"home\" class=\"nt-site-header\" ><nav class=\"navbar navbar-default navbar-sticky bootsnav on no-full\"><div class=\"container\"><div class=\"navbar-header\"><button type=\"button\" class=\"navbar-toggle\" data-toggle=\"collapse\" data-target=\"#navbar-menu\"><i class=\"fa fa-bars\"><\/i><\/button><a class=\"nt-logo img-logo navbar-brand\" href=\"https:\/\/baduuum.pl\"><img decoding=\"async\" src=\"https:\/\/baduuum.pl\/wp-content\/uploads\/2021\/01\/Baduuum-logo.jpg\" class=\"logo logo-scrolled\" alt=\"Baduuum-logo.jpg\"><\/a><\/div><div class=\"collapse navbar-collapse\" id=\"navbar-menu\"><ul class=\"nav navbar-nav navbar-right\" data-in=\"#\" data-out=\"#\"><li id=\"menu-item-623\" class=\"menu-item menu-item-type-custom menu-item-object-custom menu-item-623\"><a title=\"\t\t\t\t\t\t\" href=\"#features\" class=\"scroll\">Home<\/a><\/li>\n<li id=\"menu-item-618\" class=\"menu-item menu-item-type-custom menu-item-object-custom menu-item-618\"><a title=\"\t\t\t\t\t\t\" href=\"#schedule\" class=\"scroll\">Grafik<\/a><\/li>\n<li id=\"menu-item-620\" class=\"menu-item menu-item-type-custom menu-item-object-custom menu-item-620\"><a title=\"\t\t\t\t\t\t\" href=\"#pricing\" class=\"scroll\">Cennik<\/a><\/li>\n<li id=\"menu-item-928\" class=\"menu-item menu-item-type-custom menu-item-object-custom menu-item-928\"><a href=\"#reservation\" class=\"scroll\">Rezerwacja<\/a><\/li>\n<li id=\"menu-item-861\" class=\"menu-item menu-item-type-custom menu-item-object-custom menu-item-861\"><a href=\"#faq\" class=\"scroll\">FAQ<\/a><\/li>\n<li id=\"menu-item-622\" class=\"menu-item menu-item-type-custom menu-item-object-custom menu-item-622\"><a title=\"\t\t\t\t\t\t\" href=\"#contact\" class=\"scroll\">Kontakt<\/a><\/li>\n<\/ul><\/div><\/div><\/nav><\/header>[\/vc_column][\/vc_row][vc_row full_width=&#8221;stretch_row&#8221; content_placement=&#8221;middle&#8221; softing_row_prepad=&#8221;ptb-80&#8243; css=&#8221;.vc_custom_1547262307575{background-color: #f9f9f9 !important;}&#8221; el_id=&#8221;features&#8221;][vc_column offset=&#8221;vc_col-lg-offset-2 vc_col-lg-8 vc_col-md-offset-2 vc_col-md-8&#8243;]<div class=\"site-heading text-center sec_title_1541772121610\"><h2>Witaj na stronie sali pr\u00f3b Baduuum!<\/h2><p>Baduuum to miejsce wyj\u0105tkowe, powsta\u0142e wskutek realizacji marzenia o sali pr\u00f3b gdzie ka\u017cdy mo\u017ce po\u0107wiczy\u0107 sam lub z w\u0142asnym zespo\u0142em w doskona\u0142ych warunkach akustycznych i na porz\u0105dnym sprz\u0119cie.<br \/>\nMiejsce dla muzyk\u00f3w profesjonalnych i amator\u00f3w, dla tych kt\u00f3rzy wol\u0105 korzysta\u0107 z w\u0142asnego sprz\u0119tu jak i dla tych kt\u00f3rzy chc\u0105 rozpocz\u0105\u0107 swoj\u0105 muzyczn\u0105 przygod\u0119, a nie maj\u0105 na czym gra\u0107 lub z gara\u017cu ju\u017c przegonili ich s\u0105siedzi :). Baduuum to miejsce gdzie pr\u00f3by niezale\u017cnie od swego rozmiaru, tego czy s\u0105 ha\u0142a\u015bliwe czy kameralne, to z pewno\u015bci\u0105 przynios\u0105 rado\u015b\u0107 z tworzenia.<\/p>\n<p>Staramy si\u0119 tworzy\u0107 miejsce inspiruj\u0105ce nie tylko poprzez mo\u017cliwo\u015b\u0107 korzystania z nowego, sprawnego sprz\u0119tu czy z du\u017c\u0105 dba\u0142o\u015bci\u0105 zaprojektowanej akustyki, ale te\u017c przez superprzyjazn\u0105 atmosfer\u0119 oraz nietypowy wystr\u00f3j sali.<\/p><\/div>[\/vc_column][vc_column softing_col_lg_order=&#8221;lg-table-cell&#8221; softing_col_md_order=&#8221;md-block&#8221; offset=&#8221;vc_col-lg-5 vc_col-md-5&#8243; css=&#8221;.vc_custom_1547242603484{padding-right: 35px !important;}&#8221; softing_md_css=&#8221;.vc_custom_1547242603491{padding-right: 0px !important;}&#8221;][vc_single_image image=&#8221;842&#8243; img_size=&#8221;full&#8221; alignment=&#8221;center&#8221;][\/vc_column][vc_column softing_col_lg_order=&#8221;lg-table-cell&#8221; softing_col_md_order=&#8221;md-block&#8221; offset=&#8221;vc_col-lg-7 vc_col-md-7&#8243;][vc_row_inner][vc_column_inner width=&#8221;1\/2&#8243; softing_col_eqheight=&#8221;equal-height&#8221; softing_md_css=&#8221;.vc_custom_1547239733463{margin-top: 50px !important;}&#8221;]<div class=\"features-area sm-center features_822\"><div class=\"item\"><div class=\"icon\"><i class=\"flaticon-scroll\"><\/i><\/div><div class=\"info\"><h4>Perkusja<\/h4><p>Dost\u0119pna jest perkusja Polmuz Birch Model 3 (22\/10\/12\/16\/14) + zestaw blach Meinl<\/p><\/div><\/div><\/div>[\/vc_column_inner][vc_column_inner width=&#8221;1\/2&#8243; softing_col_eqheight=&#8221;equal-height&#8221; softing_md_css=&#8221;.vc_custom_1547239725621{margin-top: 50px !important;}&#8221;]<div class=\"features-area sm-center features_502\"><div class=\"item\"><div class=\"icon\"><i class=\"flaticon-intersect\"><\/i><\/div><div class=\"info\"><h4>Bas<\/h4><p>Dost\u0119pny piec basowy to Peavey Tour 450 + Peavey TVX 115 + Peavey TVX 210<\/p><\/div><\/div><\/div>[\/vc_column_inner][vc_column_inner width=&#8221;1\/2&#8243; softing_col_eqheight=&#8221;equal-height&#8221; css=&#8221;.vc_custom_1547239470203{margin-top: 50px !important;}&#8221;]<div class=\"features-area sm-center features_327\"><div class=\"item\"><div class=\"icon\"><i class=\"flaticon-rgb\"><\/i><\/div><div class=\"info\"><h4>Gitara<\/h4><p>Dwa piece gitarowe: Marshall DSL 100H + Marshall MX410A<br \/>\ni Jet City JCA100H + Marshall M410B<\/p><\/div><\/div><\/div>[\/vc_column_inner][vc_column_inner width=&#8221;1\/2&#8243; softing_col_eqheight=&#8221;equal-height&#8221; css=&#8221;.vc_custom_1547239483814{margin-top: 50px !important;}&#8221;]<div class=\"features-area sm-center features_221\"><div class=\"item\"><div class=\"icon\"><i class=\"flaticon-resolution\"><\/i><\/div><div class=\"info\"><h4>Wokal<\/h4><p>Mikser Peavey PV-10 plus kolumny aktywne Alto.<\/p><\/div><\/div><\/div>[\/vc_column_inner][\/vc_row_inner][\/vc_column][\/vc_row][vc_row softing_row_prepad=&#8221;ptb-80&#8243; el_id=&#8221;schedule&#8221;][vc_column]<div class=\"site-heading text-center single sec_title_1541592223054\"><h2>Grafik<\/h2><\/div>[vc_column_text][\/vc_column_text][vc_raw_html]JTVCY2FsZW5kYXIlMjBpZCUzRCUyMjkwMiUyMiU1RA==[\/vc_raw_html][\/vc_column][\/vc_row][vc_row full_width=&#8221;stretch_row&#8221; softing_row_prepad=&#8221;ptb-80&#8243; css=&#8221;.vc_custom_1547262383704{background-color: #f9f9f9 !important;}&#8221; el_id=&#8221;pricing&#8221;][vc_column offset=&#8221;vc_col-lg-offset-2 vc_col-lg-8 vc_col-md-offset-2 vc_col-md-8&#8243;]<div class=\"site-heading text-center single sec_title_1541398684868\"><h2>Cennik<\/h2><\/div>[\/vc_column][vc_column css=&#8221;.vc_custom_1609951724639{border-radius: 10px !important;}&#8221;][vc_row_inner][vc_column_inner width=&#8221;1\/6&#8243;][\/vc_column_inner][vc_column_inner width=&#8221;1\/3&#8243;]<div class=\"pricing-area\"><div class=\"pricing-item text-center active\"><ul><li class=\"pricing-header\"><h4>Pojedyncza pr\u00f3ba<\/h4><h2><sup>PLN<\/sup>50 <sub>\/ h<\/sub><\/h2><\/li><li><i class=\"fas fa-check\"><\/i> Mikser plus kolumny aktywne<\/li><li><i class=\"fas fa-check\"><\/i> Perkusja Polmuz (z talerzami Meinl)<\/li><li><i class=\"fas fa-check\"><\/i> Dwa lampowe wzmacniacze gitarowe<\/li><li><i class=\"fas fa-check\"><\/i> Wzmacniacz basowy<\/li><li><i class=\"fas fa-check\"><\/i> Mikrofony do wokalu<\/li><li><i class=\"fas fa-check\"><\/i> Pianino cyfrowe Korg SP-170<\/li><\/ul><\/div><\/div>[\/vc_column_inner][vc_column_inner width=&#8221;1\/3&#8243;]<div class=\"pricing-area\"><div class=\"pricing-item text-center active\"><ul><li class=\"pricing-header\"><h4>Karnet<\/h4><h2><sup>PLN<\/sup>450 <sub>\/ 10h<\/sub><\/h2><\/li><li><i class=\"fas fa-check\"><\/i> Mikser plus kolumny aktywne<\/li><li><i class=\"fas fa-check\"><\/i> Perkusja Polmuz (z talerzami Meinl)<\/li><li><i class=\"fas fa-check\"><\/i> Dwa lampowe wzmacniacze gitarowe<\/li><li><i class=\"fas fa-check\"><\/i> Wzmacniacz basowy<\/li><li><i class=\"fas fa-check\"><\/i> Mikrofony do wokalu<\/li><li><i class=\"fas fa-check\"><\/i> Pianino Cyfrowe Korg SP-170<\/li><\/ul><\/div><\/div>[\/vc_column_inner][vc_column_inner width=&#8221;1\/6&#8243;][\/vc_column_inner][vc_column_inner css=&#8221;.vc_custom_1609953380522{padding-top: 20px !important;padding-bottom: 20px !important;}&#8221;][vc_column_text][\/vc_column_text][\/vc_column_inner][\/vc_row_inner][\/vc_column][\/vc_row][vc_row full_width=&#8221;stretch_row&#8221; softing_row_prepad=&#8221;ptb-80&#8243; css=&#8221;.vc_custom_1621370959836{background-color: #edf5ff !important;}&#8221; el_id=&#8221;reservation&#8221;][vc_column]<div class=\"site-heading text-center single sec_title_1541620394729\"><h2>Rezerwacja<\/h2><\/div>[vc_column_text]<\/p>\n<h3><i><strong><script type=\"text\/javascript\">var bookero_custom_config = {};<\/script><div id=\"bookero\"><\/div><\/strong><\/i><\/h3>\n<p>[\/vc_column_text][\/vc_column][\/vc_row][vc_row full_width=&#8221;stretch_row&#8221; softing_row_prepad=&#8221;ptb-80&#8243; css=&#8221;.vc_custom_1621459066969{padding-bottom: 0px !important;background-color: #f9f9f9 !important;}&#8221; el_id=&#8221;faq&#8221;][vc_column offset=&#8221;vc_col-lg-offset-2 vc_col-lg-8 vc_col-md-offset-2 vc_col-md-8&#8243;]<div class=\"site-heading text-center sec_title_1541443461650\"><h2>FAQ<\/h2><p>Najcz\u0119\u015bciej zadawane pytania<\/p><\/div>[vc_tta_accordion][vc_tta_section title=&#8221;Gdzie mo\u017cna parkowa\u0107 samochodem?&#8221; tab_id=&#8221;1621459398526-8014d365-6fdd&#8221;][vc_column_text]Darmowy parking znajduje si\u0119 na ulicy Kapr\u00f3w. Ze wzgl\u0119du na umow\u0119 z mieszka\u0144cami prosimy o nie parkowanie bezpo\u015brednio pod sal\u0105. Istnieje jednak mo\u017cliwo\u015b\u0107 podjechania pod drzwi sali w celu rozpakowania sprz\u0119tu, ale na bardzo kr\u00f3tki okres czasu i nie zatrzymuj\u0105c si\u0119 na miejscach parkingowych mieszka\u0144c\u00f3w kamienic.[\/vc_column_text][\/vc_tta_section][vc_tta_section title=&#8221;Czy s\u0105 mo\u017cliwe inne godziny otwarcia ni\u017c podane na stronie?&#8221; tab_id=&#8221;1621459398572-f8bf0cde-2e14&#8243;][vc_column_text]Jasne, wszystko do ustalenia &#8211; prosimy o kontakt mailem, fb czy telefonem.[\/vc_column_text][\/vc_tta_section][vc_tta_section title=&#8221;Jak w\u0142\u0105cza\u0107 i wy\u0142\u0105cza\u0107 piec lampowy?&#8221; tab_id=&#8221;1621461393670-f079c970-f26a&#8221;][vc_column_text]Najpierw w\u0142\u0105czasz power, czekasz oko\u0142o minuty i za\u0142\u0105czasz standby &#8211; wtedy mo\u017cesz spokojnie gra\u0107. Jak sko\u0144czysz gra\u0107 to podobnie, najpierw wy\u0142\u0105czasz standby, czekasz oko\u0142o minuty i power. Nie stosowanie si\u0119 do powy\u017cszej instrukcji powoduje szybsze zu\u017cycie lamp oraz mo\u017ce skutkowa\u0107 zepsuciem wzmacniacza. Staramy si\u0119 zapewni\u0107 Wam \u015bwiatowej klasy, sprawny sprz\u0119t. Mamy nadzieje, \u017ce docenicie to i b\u0119dziecie u\u017cywa\u0107 go poprawnie.[\/vc_column_text][\/vc_tta_section][\/vc_tta_accordion][\/vc_column][\/vc_row][vc_row full_width=&#8221;stretch_row&#8221; softing_row_prepad=&#8221;ptb-80&#8243; el_id=&#8221;contact&#8221;][vc_column offset=&#8221;vc_col-lg-offset-2 vc_col-lg-8 vc_col-md-offset-2 vc_col-md-8&#8243;]<div class=\"site-heading text-center single sec_title_154124348462\"><h2>Kontakt<\/h2><\/div>[\/vc_column][vc_column offset=&#8221;vc_col-lg-6 vc_col-md-6&#8243;][vc_custom_heading text=&#8221;Nasz adres&#8221; font_container=&#8221;tag:h4|text_align:left&#8221; use_theme_fonts=&#8221;yes&#8221; softing_ch_fw=&#8221;fw-600&#8243; softing_ch_trans=&#8221;uppercase&#8221; softing_ch_premarb=&#8221;mb-15&#8243;]<div class=\"address-items list_474 vc_custom_1609955196162\" data-res-css=\".list-info.list_474 i, .features-items.list_474 .icon i, .address-items.list_474 i{ color:!important; font-size:!important; line-height:!important; width:!important; height:!important; background-color:!important; }\"><i class=\"fas fa-map-marked-alt\"><\/i> <span>Kapr\u00f3w 17a,<br \/>\n80-316 Gda\u0144sk<\/span><\/div><div class=\"address-items list_477 vc_custom_1609955212363\" data-res-css=\".list-info.list_477 i, .features-items.list_477 .icon i, .address-items.list_477 i{ color:!important; font-size:!important; line-height:!important; width:!important; height:!important; background-color:!important; }\"><i class=\"fas fa-phone\"><\/i> <span>+48 731 805 769<\/span><\/div><div class=\"address-items list_549 vc_custom_1609955273657\" data-res-css=\".list-info.list_549 i, .features-items.list_549 .icon i, .address-items.list_549 i{ color:!important; font-size:!important; line-height:!important; width:!important; height:!important; background-color:!important; }\"><i class=\"fas fa-envelope-open\"><\/i> <span>kontakt@baduuum.pl<\/span><\/div><div class=\"social-icons social_374 vc_custom_1610006897911\"><ul><li class=\"facebook\"><a href=\"https:\/\/www.facebook.com\/SalaProbBaduuum\"><i class=\"fab fa-facebook-f\"><\/i><\/a><\/li><\/ul><\/div>[vc_gmaps link=&#8221;#E-8_JTNDaWZyYW1lJTIwc3JjJTNEJTIyaHR0cHMlM0ElMkYlMkZ3d3cuZ29vZ2xlLmNvbSUyRm1hcHMlMkZlbWJlZCUzRnBiJTNEJTIxMW0xOCUyMTFtMTIlMjExbTMlMjExZDIzMjIuMDc5MTA0OTc0NTAyNiUyMTJkMTguNTY0MTQ1OTE2MjUzNzA0JTIxM2Q1NC40MDg1NzkyMDIzMTQ5MSUyMTJtMyUyMTFmMCUyMTJmMCUyMTNmMCUyMTNtMiUyMTFpMTAyNCUyMTJpNzY4JTIxNGYxMy4xJTIxM20zJTIxMW0yJTIxMXMweDQ2ZmQ3NTMyZTM3MmJjMWIlMjUzQTB4NTFhY2Y1NmNkMzg1MWEwYSUyMTJzU2FsYSUyNTIwUHIlMjVDMyUyNUIzYiUyNTIwQmFkdXV1bSUyMTVlMCUyMTNtMiUyMTFzcGwlMjEyc3BsJTIxNHYxNjEwMDA3MDQ4Mzg1JTIxNW0yJTIxMXNwbCUyMTJzcGwlMjIlMjB3aWR0aCUzRCUyMjYwMCUyMiUyMGhlaWdodCUzRCUyMjQ1MCUyMiUyMGZyYW1lYm9yZGVyJTNEJTIyMCUyMiUyMHN0eWxlJTNEJTIyYm9yZGVyJTNBMCUzQiUyMiUyMGFsbG93ZnVsbHNjcmVlbiUzRCUyMiUyMiUyMGFyaWEtaGlkZGVuJTNEJTIyZmFsc2UlMjIlMjB0YWJpbmRleCUzRCUyMjAlMjIlM0UlM0MlMkZpZnJhbWUlM0U=&#8221;][\/vc_column][vc_column offset=&#8221;vc_col-lg-6 vc_col-md-6&#8243;][vc_custom_heading text=&#8221;Wy\u015blij zapytanie&#8221; use_theme_fonts=&#8221;yes&#8221; softing_ch_fw=&#8221;fw-600&#8243; softing_ch_trans=&#8221;capitalize&#8221; softing_ch_premarb=&#8221;mb-30&#8243; softing_md_css=&#8221;.vc_custom_1621461601490{margin-top: 30px !important;}&#8221;]\n<div class=\"wpcf7 no-js\" id=\"wpcf7-f880-o1\" lang=\"pl-PL\" dir=\"ltr\" data-wpcf7-id=\"880\">\n<div class=\"screen-reader-response\"><p role=\"status\" aria-live=\"polite\" aria-atomic=\"true\"><\/p> <ul><\/ul><\/div>\n<form action=\"\/index.php?rest_route=%2Fwp%2Fv2%2Fpages%2F826#wpcf7-f880-o1\" method=\"post\" class=\"wpcf7-form init\" aria-label=\"Formularz kontaktowy\" novalidate=\"novalidate\" data-status=\"init\">\n<fieldset class=\"hidden-fields-container\"><input type=\"hidden\" name=\"_wpcf7\" value=\"880\" \/><input type=\"hidden\" name=\"_wpcf7_version\" value=\"6.1.1\" \/><input type=\"hidden\" name=\"_wpcf7_locale\" value=\"pl_PL\" \/><input type=\"hidden\" name=\"_wpcf7_unit_tag\" value=\"wpcf7-f880-o1\" \/><input type=\"hidden\" name=\"_wpcf7_container_post\" value=\"0\" \/><input type=\"hidden\" name=\"_wpcf7_posted_data_hash\" value=\"\" \/><input type=\"hidden\" name=\"_cf7a__timestamp\" value=\"1GdUtbk3S0kWDJg2hmuETQ==\" \/><input type=\"hidden\" name=\"_cf7a_version\" value=\"1.0\" \/><input type=\"hidden\" name=\"_cf7a_address\" value=\"\" \/><input type=\"hidden\" name=\"_cf7a_referer\" value=\"\" \/><input type=\"hidden\" name=\"_cf7a_protocol\" value=\"\" \/>\n<\/fieldset>\n<p><label> Twoje imi\u0119<br \/>\n<span class=\"wpcf7-form-control-wrap\" data-name=\"your-name\"><input type=\"text\" name=\"name\" value=\"\" autocomplete=\"fill\" class=\"fit-the-fullspace\" aria-hidden=\"true\" tabindex=\"-1\" \/><input size=\"40\" maxlength=\"400\" class=\"wpcf7-form-control wpcf7-text wpcf7-validates-as-required\" aria-required=\"true\" aria-invalid=\"false\" value=\"\" type=\"text\" name=\"your-name\" \/><\/span> <\/label>\n<\/p>\n<p><label> Tw\u00f3j email<br \/>\n<span class=\"wpcf7-form-control-wrap\" data-name=\"your-email\"><input size=\"40\" maxlength=\"400\" class=\"wpcf7-form-control wpcf7-email wpcf7-validates-as-required wpcf7-text wpcf7-validates-as-email\" aria-required=\"true\" aria-invalid=\"false\" value=\"\" type=\"email\" name=\"your-email\" \/><\/span> <\/label>\n<\/p>\n<p><label> Temat<br \/>\n<span class=\"wpcf7-form-control-wrap\" data-name=\"your-subject\"><input type=\"text\" name=\"address\" value=\"\" autocomplete=\"fill\" class=\"fit-the-fullspace\" aria-hidden=\"true\" tabindex=\"-1\" \/><input size=\"40\" maxlength=\"400\" class=\"wpcf7-form-control wpcf7-text wpcf7-validates-as-required\" aria-required=\"true\" aria-invalid=\"false\" value=\"\" type=\"text\" name=\"your-subject\" \/><\/span> <\/label>\n<\/p>\n<p><label> Twoja wiadomo\u015b\u0107<br \/>\n<span class=\"wpcf7-form-control-wrap\" data-name=\"your-message\"><textarea cols=\"40\" rows=\"10\" maxlength=\"2000\" class=\"wpcf7-form-control wpcf7-textarea\" aria-invalid=\"false\" name=\"your-message\"><\/textarea><\/span> <\/label>\n<\/p>\n<p><input class=\"wpcf7-form-control wpcf7-submit has-spinner\" type=\"submit\" value=\"Wy\u015blij\" \/>\n<\/p><p style=\"display: none !important;\" class=\"akismet-fields-container\" data-prefix=\"_wpcf7_ak_\"><label>&#916;<textarea name=\"_wpcf7_ak_hp_textarea\" cols=\"45\" rows=\"8\" maxlength=\"100\"><\/textarea><\/label><input type=\"hidden\" id=\"ak_js_1\" name=\"_wpcf7_ak_js\" value=\"18\"\/><script>document.getElementById( \"ak_js_1\" ).setAttribute( \"value\", ( new Date() ).getTime() );<\/script><\/p><div class=\"wpcf7-response-output\" aria-hidden=\"true\"><\/div>\n<\/form>\n<\/div>\n[\/vc_column][\/vc_row][vc_row][vc_column width=&#8221;1\/4&#8243;][vc_btn title=&#8221;Polityka prywatno\u015bci&#8221; link=&#8221;url:http%3A%2F%2Fbaduuum.pl%2Fwp-content%2Fuploads%2F2024%2F07%2FPolitykaPrywatnosci.pdf&#8221;][\/vc_column][vc_column width=&#8221;1\/4&#8243;][vc_btn title=&#8221;Regulamin&#8221; link=&#8221;url:http%3A%2F%2Fbaduuum.pl%2Fwp-content%2Fuploads%2F2024%2F07%2FRegulamin.pdf&#8221;][\/vc_column][vc_column width=&#8221;1\/4&#8243;][vc_wp_text]<\/p>\n<p style=\"text-align: right;\">MPJP Sp. z o.o.<br \/>\nul. Le\u015bna 1<br \/>\n81-876 Sopot<\/p>\n<p>[\/vc_wp_text][\/vc_column][vc_column width=&#8221;1\/4&#8243;][vc_wp_text]<span style=\"font-weight: 400;\">KRS: 0001093167<br \/>\nNIP: 5851503873<br \/>\nREGON: 528043905<\/span>[\/vc_wp_text][\/vc_column][\/vc_row]<\/p>\n","protected":false},"excerpt":{"rendered":"<p>[vc_row full_width=&#8221;stretch_row_content_no_spaces&#8221;][vc_column][\/vc_column][\/vc_row][vc_row full_width=&#8221;stretch_row&#8221; content_placement=&#8221;middle&#8221; softing_row_prepad=&#8221;ptb-80&#8243; css=&#8221;.vc_custom_1547262307575{background-color: #f9f9f9 !important;}&#8221; el_id=&#8221;features&#8221;][vc_column offset=&#8221;vc_col-lg-offset-2 vc_col-lg-8 vc_col-md-offset-2 vc_col-md-8&#8243;][\/vc_column][vc_column softing_col_lg_order=&#8221;lg-table-cell&#8221; softing_col_md_order=&#8221;md-block&#8221; offset=&#8221;vc_col-lg-5 vc_col-md-5&#8243; css=&#8221;.vc_custom_1547242603484{padding-right: 35px !important;}&#8221; softing_md_css=&#8221;.vc_custom_1547242603491{padding-right: 0px !important;}&#8221;][vc_single_image image=&#8221;842&#8243; img_size=&#8221;full&#8221; alignment=&#8221;center&#8221;][\/vc_column][vc_column softing_col_lg_order=&#8221;lg-table-cell&#8221; softing_col_md_order=&#8221;md-block&#8221; offset=&#8221;vc_col-lg-7 vc_col-md-7&#8243;][vc_row_inner][vc_column_inner width=&#8221;1\/2&#8243; softing_col_eqheight=&#8221;equal-height&#8221; softing_md_css=&#8221;.vc_custom_1547239733463{margin-top: 50px !important;}&#8221;][\/vc_column_inner][vc_column_inner width=&#8221;1\/2&#8243; softing_col_eqheight=&#8221;equal-height&#8221; softing_md_css=&#8221;.vc_custom_1547239725621{margin-top: 50px !important;}&#8221;][\/vc_column_inner][vc_column_inner width=&#8221;1\/2&#8243; softing_col_eqheight=&#8221;equal-height&#8221; css=&#8221;.vc_custom_1547239470203{margin-top: 50px !important;}&#8221;][\/vc_column_inner][vc_column_inner width=&#8221;1\/2&#8243; softing_col_eqheight=&#8221;equal-height&#8221; css=&#8221;.vc_custom_1547239483814{margin-top: 50px !important;}&#8221;][\/vc_column_inner][\/vc_row_inner][\/vc_column][\/vc_row][vc_row softing_row_prepad=&#8221;ptb-80&#8243; el_id=&#8221;schedule&#8221;][vc_column][vc_column_text][\/vc_column_text][vc_raw_html]JTVCY2FsZW5kYXIlMjBpZCUzRCUyMjkwMiUyMiU1RA==[\/vc_raw_html][\/vc_column][\/vc_row][vc_row full_width=&#8221;stretch_row&#8221; softing_row_prepad=&#8221;ptb-80&#8243; css=&#8221;.vc_custom_1547262383704{background-color:&#8230;<\/p>\n","protected":false},"author":1,"featured_media":0,"parent":0,"menu_order":0,"comment_status":"closed","ping_status":"open","template":"custom-page.php","meta":{"footnotes":""},"class_list":["post-826","page","type-page","status-publish","hentry"," c-blog-1-item  nt-post-class"],"_links":{"self":[{"href":"https:\/\/baduuum.pl\/index.php?rest_route=\/wp\/v2\/pages\/826","targetHints":{"allow":["GET"]}}],"collection":[{"href":"https:\/\/baduuum.pl\/index.php?rest_route=\/wp\/v2\/pages"}],"about":[{"href":"https:\/\/baduuum.pl\/index.php?rest_route=\/wp\/v2\/types\/page"}],"author":[{"embeddable":true,"href":"https:\/\/baduuum.pl\/index.php?rest_route=\/wp\/v2\/users\/1"}],"replies":[{"embeddable":true,"href":"https:\/\/baduuum.pl\/index.php?rest_route=%2Fwp%2Fv2%2Fcomments&post=826"}],"version-history":[{"count":54,"href":"https:\/\/baduuum.pl\/index.php?rest_route=\/wp\/v2\/pages\/826\/revisions"}],"predecessor-version":[{"id":891,"href":"https:\/\/baduuum.pl\/index.php?rest_route=\/wp\/v2\/pages\/826\/revisions\/891"}],"wp:attachment":[{"href":"https:\/\/baduuum.pl\/index.php?rest_route=%2Fwp%2Fv2%2Fmedia&parent=826"}],"curies":[{"name":"wp","href":"https:\/\/api.w.org\/{rel}","templated":true}]}}